{"id":40,"date":"2021-01-30T00:00:00","date_gmt":"2021-01-30T00:00:00","guid":{"rendered":"http:\/\/miniranch.apps-1and1.net\/?page_id=40"},"modified":"2026-01-22T15:53:39","modified_gmt":"2026-01-22T15:53:39","slug":"herzlich-willkommen-auf-der-miniranch","status":"publish","type":"page","link":"https:\/\/miniranch.de\/","title":{"rendered":"Willkommen auf der Miniranch!"},"content":{"rendered":"<p style=\"text-align: center;\"><strong>Herzlich willkommen auf der miniranch! <\/strong><\/p>\n<p style=\"text-align: center;\"><em>&#8222;Wenn der Mensch denkt, dass das Pferd nicht f\u00fchlt, muss das Pferd f\u00fchlen, dass der Mensch nicht denkt!&#8220;<\/em><\/p>\n<p><img loading=\"lazy\" decoding=\"async\" class=\"aligncenter size-full\" src=\"\/wp-content\/themes\/miniranch\/images\/eingang.png\" alt=\"Willkommen\" width=\"520\" height=\"466\" \/><\/p>\n<p style=\"text-align: center;\">Dieses kleine Fleckchen im s\u00fcdlichen Schleswig-Holstein, direkt an Hamburg grenzend, l\u00e4sst nicht nur Kinderherzen h\u00f6her schlagen.<\/p>\n<p style=\"text-align: center;\">Das miniranch-Gel\u00e4nde besteht aus Wiesen, Weiden und Waldst\u00fccken und umfasst 60.000 qm. Hier verbringen Gro\u00df, Klein und Ganzklein viel und lustige Zeit miteinander.<\/p>\n<p style=\"text-align: center;\">Die Freundschaft zwischen Mensch und Tier steht bei uns an erster Stelle. Deshalb lernen auf der miniranch auch die Kleinsten bereits den respektvollen Umgang mit Ponys, um ein gesundes und auf Vertrauen basiertes Verh\u00e4ltnis zu schaffen.<\/p>\n<p style=\"text-align: center;\">Besonders stolz sind wir auf die au\u00dfergew\u00f6hnlich gro\u00dfe Harmonie zwischen den vielen verschiedenen Tierarten.<br \/>\nViel Spa\u00df beim Durchst\u00f6bern unserer Seiten w\u00fcnscht Euch<\/p>\n<p style=\"text-align: center;\">minirancher Kim<\/p>\n<p><img loading=\"lazy\" decoding=\"async\" class=\"aligncenter size-full\" src=\"\/wp-content\/themes\/miniranch\/images\/eingangschnee.png\" alt=\"Willkommen\" width=\"457\" height=\"466\" \/><\/p>\n","protected":false},"excerpt":{"rendered":"<p>Herzlich willkommen auf der miniranch! &#8222;Wenn der Mensch denkt, dass das Pferd nicht f\u00fchlt, muss das Pferd f\u00fchlen, dass der Mensch nicht denkt!&#8220; Dieses kleine Fleckchen im s\u00fcdlichen Schleswig-Holstein, direkt an Hamburg grenzend, l\u00e4sst nicht nur Kinderherzen h\u00f6her schlagen. Das miniranch-Gel\u00e4nde besteht aus Wiesen, Weiden und Waldst\u00fccken und umfasst 60.000 qm. Hier verbringen Gro\u00df, Klein [&hellip;]<\/p>\n","protected":false},"author":1,"featured_media":0,"parent":0,"menu_order":0,"comment_status":"closed","ping_status":"open","template":"","meta":{"footnotes":""},"class_list":["post-40","page","type-page","status-publish","hentry"],"_links":{"self":[{"href":"https:\/\/miniranch.de\/index.php?rest_route=\/wp\/v2\/pages\/40","targetHints":{"allow":["GET"]}}],"collection":[{"href":"https:\/\/miniranch.de\/index.php?rest_route=\/wp\/v2\/pages"}],"about":[{"href":"https:\/\/miniranch.de\/index.php?rest_route=\/wp\/v2\/types\/page"}],"author":[{"embeddable":true,"href":"https:\/\/miniranch.de\/index.php?rest_route=\/wp\/v2\/users\/1"}],"replies":[{"embeddable":true,"href":"https:\/\/miniranch.de\/index.php?rest_route=%2Fwp%2Fv2%2Fcomments&post=40"}],"version-history":[{"count":31,"href":"https:\/\/miniranch.de\/index.php?rest_route=\/wp\/v2\/pages\/40\/revisions"}],"predecessor-version":[{"id":3147,"href":"https:\/\/miniranch.de\/index.php?rest_route=\/wp\/v2\/pages\/40\/revisions\/3147"}],"wp:attachment":[{"href":"https:\/\/miniranch.de\/index.php?rest_route=%2Fwp%2Fv2%2Fmedia&parent=40"}],"curies":[{"name":"wp","href":"https:\/\/api.w.org\/{rel}","templated":true}]}}