{"id":459,"date":"2018-08-16T00:00:31","date_gmt":"2018-08-16T00:00:31","guid":{"rendered":"http:\/\/miniranch.apps-1and1.net\/?page_id=459"},"modified":"2023-01-09T16:32:40","modified_gmt":"2023-01-09T16:32:40","slug":"impressum","status":"publish","type":"page","link":"https:\/\/miniranch.de\/?page_id=459","title":{"rendered":"Impressum"},"content":{"rendered":"<p>Alle hier verwendeten Namen, Begriffe, Zeichen und Grafiken k\u00f6nnen Marken- oder Warenzeichen im Besitze ihrer rechtlichen Eigent\u00fcmer sein. Die Rechte aller erw\u00e4hnten und benutzten Marken- und Warenzeichen liegen ausschlie\u00dflich bei deren Besitzern.<\/p>\n<p>V.i.S.d.P.<br \/>\nminiranch Norderstedt<br \/>\nKim Ricotta<br \/>\nHasloher Weg 47a<br \/>\n22848 Norderstedt<br \/>\nMobiltelefon: 0172 \/ 514 56 63<br \/>\nWebsite: www.miniranch.de<br \/>\nE-Mail: info@miniranch.de<\/p>\n<p><u>Technische Angaben<\/u><br \/>\nTechnisch Verantwortlicher:<br \/>\n<a href=\"http:\/\/www.thepagemaster.de\" target=\"_blank\" rel=\"noopener\">The Pagemaster &#8211; TP Webdesigner &amp; Freestyle Designer<\/a><\/p>\n<p><u>Bildquellen und -rechte<\/u><br \/>\nAlle Bilder und Texte auf unserer Website und unseren Publikationen unterliegen unserem Urheberrecht! Jede Ver\u00f6ffentlichung oder andere Nutzung (z.B. in Printmedien, Websites etc.) ohne unsere schriftliche Einwilligung und Lizenzierung ist strikt untersagt! Sollten Sie Interesse an einem Bild oder unseren Texten haben, setzen Sie sich bitte mit uns in Verbindung.<\/p>\n<p>Stornierung<\/p>\n<p>WICHTIG! Covid-19 gilt als bekanntes oder vorhersehbares Ereignis. Die Stornierung von der Veranstaltung aufgrund von pl\u00f6tzlichen Bedenken, Angst oder Meinungs\u00e4nderung ist nicht abgedeckt.<\/p>\n<p>Ma\u00dfgeblich ist die bei der Buchung vereinbarte Stornoregelung. Die Zahlungspflicht der mit der verbindlichen Buchung anerkannten Stornogeb\u00fchren besteht auch bei unverschuldeter, pers\u00f6nlicher Verhinderung wie Krankheit\/Quarant\u00e4ne, da eine COVID-Erkrankung zu seinem pers\u00f6nlichen Risikobereich geh\u00f6rt.<\/p>\n<p>Gleichg\u00fcltig was vereinbart ist, muss dann keine Stornoentsch\u00e4digung bezahlt werden, wenn objektive Umst\u00e4nde die Veranstaltung verhindern und damit eine sogenannte &#8222;rechtliche Unm\u00f6glicheit der Leistung&#8220; vorliegt ($$ 275, 326 BGB).<\/p>\n<p>Keine Stornokosten k\u00f6nnen daher bei einem beh\u00f6rdlichen Veranstaltungsgebot aufgrund des Infektionsschutzgesetzes\u00a0 bei einer Pandemie verlangt werden.<\/p>\n<p>F\u00fcr unsere Veranstaltung ist der Abschluss einer R\u00fccktrittversicherung m\u00f6glich; jedoch nur \u00fcber dritte Anbieter. F\u00fcr einen kleinen Obolus hat man dann ein ggf. gr\u00f6\u00dferes Risiko &#8222;im Griff&#8220;.<\/p>\n<p>Folgende Stornorichtlinien gelten:<\/p>\n<p>KINDERGEBURTSTAGE<\/p>\n<ul>\n<li>bis 14 Tage vor Veranstaltung kostenlos<\/li>\n<li>innerhalb von 14 Tagen 150 Euro<\/li>\n<\/ul>\n<p>PONY-F\u00dcHRERSCHEIN UND DIPLOM<\/p>\n<ul>\n<li>bis 14 Tage vor Veranstaltung kostenlos<\/li>\n<li>bis 7 Tage vor Veranstaltung 50%<\/li>\n<li>danach 100%<\/li>\n<\/ul>\n<p>FERIENCAMPS<\/p>\n<ul>\n<li>bis 14 Tage vor Veranstaltung kostenlos<\/li>\n<li>bis 8 Tage vor Veranstaltung 40%<\/li>\n<li>bis 24 Stunden vor Veranstaltung 80%<\/li>\n<li>bei Nichterscheinen ohne Absage 100%<\/li>\n<\/ul>\n<p>Kann ein nichtgewollter Platz mit einem nachr\u00fcckenden Kind belegt werden, entf\u00e4llt die Stornogeb\u00fchr f\u00fcr die Altbuchung und die Ersatzbuchung erkennt die Stornovereinbarung vollst\u00e4ndig an.<\/p>\n<p><a href=\"http:\/\/miniranch.apps-1and1.net\/?page_id=471\">Allg. Nutzungsbedingungen anzeigen<\/a><br \/>\n<a href=\"http:\/\/miniranch.apps-1and1.net\/?page_id=475\">Erkl\u00e4rung zum Datenschutz anzeigen<\/a><\/p>\n","protected":false},"excerpt":{"rendered":"<p>Alle hier verwendeten Namen, Begriffe, Zeichen und Grafiken k\u00f6nnen Marken- oder Warenzeichen im Besitze ihrer rechtlichen Eigent\u00fcmer sein. Die Rechte aller erw\u00e4hnten und benutzten Marken- und Warenzeichen liegen ausschlie\u00dflich bei deren Besitzern. V.i.S.d.P. miniranch Norderstedt Kim Ricotta Hasloher Weg 47a 22848 Norderstedt Mobiltelefon: 0172 \/ 514 56 63 Website: www.miniranch.de E-Mail: info@miniranch.de Technische Angaben Technisch [&hellip;]<\/p>\n","protected":false},"author":1,"featured_media":0,"parent":0,"menu_order":0,"comment_status":"closed","ping_status":"open","template":"","meta":{"footnotes":""},"class_list":["post-459","page","type-page","status-publish","hentry"],"_links":{"self":[{"href":"https:\/\/miniranch.de\/index.php?rest_route=\/wp\/v2\/pages\/459","targetHints":{"allow":["GET"]}}],"collection":[{"href":"https:\/\/miniranch.de\/index.php?rest_route=\/wp\/v2\/pages"}],"about":[{"href":"https:\/\/miniranch.de\/index.php?rest_route=\/wp\/v2\/types\/page"}],"author":[{"embeddable":true,"href":"https:\/\/miniranch.de\/index.php?rest_route=\/wp\/v2\/users\/1"}],"replies":[{"embeddable":true,"href":"https:\/\/miniranch.de\/index.php?rest_route=%2Fwp%2Fv2%2Fcomments&post=459"}],"version-history":[{"count":18,"href":"https:\/\/miniranch.de\/index.php?rest_route=\/wp\/v2\/pages\/459\/revisions"}],"predecessor-version":[{"id":2934,"href":"https:\/\/miniranch.de\/index.php?rest_route=\/wp\/v2\/pages\/459\/revisions\/2934"}],"wp:attachment":[{"href":"https:\/\/miniranch.de\/index.php?rest_route=%2Fwp%2Fv2%2Fmedia&parent=459"}],"curies":[{"name":"wp","href":"https:\/\/api.w.org\/{rel}","templated":true}]}}